{"id":33,"date":"2026-04-07T16:22:18","date_gmt":"2026-04-07T14:22:18","guid":{"rendered":"https:\/\/polygraphics-crea.fr\/aktoit\/?page_id=33"},"modified":"2026-04-14T17:51:40","modified_gmt":"2026-04-14T15:51:40","slug":"accueil","status":"publish","type":"page","link":"https:\/\/polygraphics-crea.fr\/aktoit\/","title":{"rendered":"Accueil"},"content":{"rendered":"<p>[et_pb_section fb_built=\u00a0\u00bb1&Prime; fullwidth=\u00a0\u00bbon\u00a0\u00bb _builder_version=\u00a0\u00bb4.27.6&Prime; _module_preset=\u00a0\u00bbdefault\u00a0\u00bb global_colors_info=\u00a0\u00bb{}\u00a0\u00bb][et_pb_fullwidth_slider _builder_version=\u00a0\u00bb4.27.6&Prime; _module_preset=\u00a0\u00bbdefault\u00a0\u00bb global_colors_info=\u00a0\u00bb{}\u00a0\u00bb][et_pb_slide heading=\u00a0\u00bbVendez seuls, nous vous accompagnons\u00a0\u00bb _builder_version=\u00a0\u00bb4.27.6&Prime; _module_preset=\u00a0\u00bbdefault\u00a0\u00bb header_font=\u00a0\u00bbArmata|700||on|||||\u00a0\u00bb header_text_align=\u00a0\u00bbcenter\u00a0\u00bb header_font_size=\u00a0\u00bb46px\u00a0\u00bb header_line_height=\u00a0\u00bb1.2em\u00a0\u00bb background_enable_color=\u00a0\u00bboff\u00a0\u00bb use_background_color_gradient=\u00a0\u00bbon\u00a0\u00bb background_color_gradient_stops=\u00a0\u00bbrgba(0,0,0,0.31) 0%|rgba(0,0,0,0.36) 51%|rgba(0,0,0,0.11) 100%\u00a0\u00bb background_color_gradient_overlays_image=\u00a0\u00bbon\u00a0\u00bb background_image=\u00a0\u00bbhttps:\/\/polygraphics-crea.fr\/aktoit\/wp-content\/uploads\/2026\/04\/akompagntoit_slide_02-scaled.jpg\u00a0\u00bb background_enable_image=\u00a0\u00bbon\u00a0\u00bb global_colors_info=\u00a0\u00bb{}\u00a0\u00bb sticky_transition=\u00a0\u00bbon\u00a0\u00bb][\/et_pb_slide][et_pb_slide heading=\u00a0\u00bbChoisissez le degr\u00e9 d&rsquo;accompagnement qui vous convient parmi nos 3 kits\u00a0\u00bb _builder_version=\u00a0\u00bb4.27.6&Prime; _module_preset=\u00a0\u00bbdefault\u00a0\u00bb header_font=\u00a0\u00bbArmata|700||on|||||\u00a0\u00bb header_text_align=\u00a0\u00bbcenter\u00a0\u00bb header_font_size=\u00a0\u00bb46px\u00a0\u00bb header_line_height=\u00a0\u00bb1.4em\u00a0\u00bb background_enable_color=\u00a0\u00bboff\u00a0\u00bb use_background_color_gradient=\u00a0\u00bbon\u00a0\u00bb background_color_gradient_stops=\u00a0\u00bbrgba(0,0,0,0.13) 0%|rgba(0,0,0,0.42) 50%|rgba(0,0,0,0.07) 100%\u00a0\u00bb background_color_gradient_overlays_image=\u00a0\u00bbon\u00a0\u00bb background_image=\u00a0\u00bbhttps:\/\/polygraphics-crea.fr\/aktoit\/wp-content\/uploads\/2026\/04\/akompagntoit_slider_02-scaled.jpg\u00a0\u00bb background_enable_image=\u00a0\u00bbon\u00a0\u00bb global_colors_info=\u00a0\u00bb{}\u00a0\u00bb sticky_transition=\u00a0\u00bbon\u00a0\u00bb][\/et_pb_slide][\/et_pb_fullwidth_slider][\/et_pb_section][et_pb_section fb_built=\u00a0\u00bb1&Prime; admin_label=\u00a0\u00bbServices\u00a0\u00bb _builder_version=\u00a0\u00bb4.27.6&Prime; _module_preset=\u00a0\u00bbdefault\u00a0\u00bb background_color=\u00a0\u00bb#efede8&Prime; collapsed=\u00a0\u00bbon\u00a0\u00bb global_colors_info=\u00a0\u00bb{}\u00a0\u00bb][et_pb_row _builder_version=\u00a0\u00bb4.25.1&Prime; _module_preset=\u00a0\u00bbdefault\u00a0\u00bb global_colors_info=\u00a0\u00bb{}\u00a0\u00bb][et_pb_column type=\u00a0\u00bb4_4&Prime; _builder_version=\u00a0\u00bb4.25.1&Prime; _module_preset=\u00a0\u00bbdefault\u00a0\u00bb global_colors_info=\u00a0\u00bb{}\u00a0\u00bb][et_pb_heading title=\u00a0\u00bbChoisissez votre degr\u00e9 d&rsquo;accompagnement !\u00a0\u00bb _builder_version=\u00a0\u00bb4.27.6&Prime; _module_preset=\u00a0\u00bb411b2014-0a3c-4449-8ec1-662f484baa88&Prime; title_font=\u00a0\u00bbArmata|700||on|||||\u00a0\u00bb title_text_align=\u00a0\u00bbcenter\u00a0\u00bb title_font_size=\u00a0\u00bb34px\u00a0\u00bb custom_margin=\u00a0\u00bb2%||20px||false|false\u00a0\u00bb hover_enabled=\u00a0\u00bb0&Prime; global_colors_info=\u00a0\u00bb{}\u00a0\u00bb sticky_enabled=\u00a0\u00bb0&Prime;][\/et_pb_heading][\/et_pb_column][\/et_pb_row][\/et_pb_section][et_pb_section fb_built=\u00a0\u00bb1&Prime; admin_label=\u00a0\u00bbServices\u00a0\u00bb _builder_version=\u00a0\u00bb4.27.6&Prime; _module_preset=\u00a0\u00bbdefault\u00a0\u00bb background_color=\u00a0\u00bb#dcaeb8&Prime; custom_padding=\u00a0\u00bb0px||||false|false\u00a0\u00bb collapsed=\u00a0\u00bbon\u00a0\u00bb global_colors_info=\u00a0\u00bb{}\u00a0\u00bb][et_pb_row column_structure=\u00a0\u00bb1_3,1_3,1_3&Prime; use_custom_gutter=\u00a0\u00bbon\u00a0\u00bb gutter_width=\u00a0\u00bb2&Prime; make_equal=\u00a0\u00bbon\u00a0\u00bb custom_padding_last_edited=\u00a0\u00bbon|tablet\u00a0\u00bb _builder_version=\u00a0\u00bb4.27.6&Prime; _module_preset=\u00a0\u00bbdefault\u00a0\u00bb custom_padding_tablet=\u00a0\u00bb||0px||false|false\u00a0\u00bb custom_padding_phone=\u00a0\u00bb||0px||false|false\u00a0\u00bb global_colors_info=\u00a0\u00bb{}\u00a0\u00bb][et_pb_column type=\u00a0\u00bb1_3&Prime; _builder_version=\u00a0\u00bb4.27.6&Prime; _module_preset=\u00a0\u00bbdefault\u00a0\u00bb custom_padding=\u00a0\u00bb40px||40px||true|true\u00a0\u00bb custom_padding_tablet=\u00a0\u00bb30px|30px|30px|30px|true|true\u00a0\u00bb custom_padding_phone=\u00a0\u00bb20px|20px|20px|20px|true|true\u00a0\u00bb custom_padding_last_edited=\u00a0\u00bbon|desktop\u00a0\u00bb border_width_all=\u00a0\u00bb1px\u00a0\u00bb border_color_all=\u00a0\u00bbgcid-bcc99e3b-722a-4dba-85e5-49c6d1592562&Prime; global_colors_info=\u00a0\u00bb{%22gcid-bcc99e3b-722a-4dba-85e5-49c6d1592562%22:%91%22border_color_all%22%93}\u00a0\u00bb][et_pb_heading title=\u00a0\u00bb#1&Prime; _builder_version=\u00a0\u00bb4.27.6&Prime; _module_preset=\u00a0\u00bb8d110af2-93ed-42ad-ab13-8204e1bbdaa5&Prime; title_font=\u00a0\u00bbArmata|700|||||||\u00a0\u00bb title_text_align=\u00a0\u00bbcenter\u00a0\u00bb title_font_size=\u00a0\u00bb35px\u00a0\u00bb background_color=\u00a0\u00bb#dcaeb8&Prime; width=\u00a0\u00bb100px\u00a0\u00bb module_alignment=\u00a0\u00bbcenter\u00a0\u00bb min_height=\u00a0\u00bb100px\u00a0\u00bb custom_margin=\u00a0\u00bb-35%||0px||false|false\u00a0\u00bb custom_padding=\u00a0\u00bb8%||||false|false\u00a0\u00bb border_radii=\u00a0\u00bbon|100px|100px|100px|100px\u00a0\u00bb box_shadow_style=\u00a0\u00bbpreset1&Prime; global_colors_info=\u00a0\u00bb{}\u00a0\u00bb][\/et_pb_heading][et_pb_heading title=\u00a0\u00bbKit AKompagnement #1&Prime; _builder_version=\u00a0\u00bb4.27.6&Prime; _module_preset=\u00a0\u00bb8d110af2-93ed-42ad-ab13-8204e1bbdaa5&Prime; title_font=\u00a0\u00bbArmata|700||on|||||\u00a0\u00bb title_text_align=\u00a0\u00bbcenter\u00a0\u00bb custom_margin=\u00a0\u00bb10%||0px||false|false\u00a0\u00bb global_colors_info=\u00a0\u00bb{}\u00a0\u00bb][\/et_pb_heading][et_pb_text _builder_version=\u00a0\u00bb4.27.6&Prime; _module_preset=\u00a0\u00bb32e71627-7ffa-412b-8a47-a31174133bf3&Prime; text_orientation=\u00a0\u00bbcenter\u00a0\u00bb height=\u00a0\u00bb100px\u00a0\u00bb custom_margin=\u00a0\u00bb10%||||false|false\u00a0\u00bb global_colors_info=\u00a0\u00bb{%22gcid-bcc99e3b-722a-4dba-85e5-49c6d1592562%22:%91%22link_text_color%22,%22quote_border_color%22,%22link_text_color%22,%22quote_border_color%22%93,%22gcid-fa3e187d-20a7-4c5a-962d-49a38117a4cc%22:%91%22text_text_color%22%93}\u00a0\u00bb]<\/p>\n<p>comprend <strong>3 services<\/strong> :<br \/>\u2022 avis de valeur<br \/>\u2022 les photos<br \/>\u2022 la r\u00e9daction de l\u2019annonce<\/p>\n<p>[\/et_pb_text][et_pb_button button_text=\u00a0\u00bbVoir le d\u00e9tail\u00a0\u00bb button_alignment=\u00a0\u00bbcenter\u00a0\u00bb _builder_version=\u00a0\u00bb4.27.6&Prime; _module_preset=\u00a0\u00bb70d0db48-1028-433a-b0ac-e11148fe61f0&Prime; button_bg_color=\u00a0\u00bb#FFFFFF\u00a0\u00bb button_border_radius=\u00a0\u00bb0px\u00a0\u00bb button_letter_spacing=\u00a0\u00bb0.2em\u00a0\u00bb custom_margin=\u00a0\u00bb15%||||false|false\u00a0\u00bb custom_padding=\u00a0\u00bb14px|40px|14px|40px|true|true\u00a0\u00bb global_colors_info=\u00a0\u00bb{}\u00a0\u00bb][\/et_pb_button][\/et_pb_column][et_pb_column type=\u00a0\u00bb1_3&Prime; _builder_version=\u00a0\u00bb4.27.6&Prime; _module_preset=\u00a0\u00bbdefault\u00a0\u00bb custom_padding=\u00a0\u00bb40px||40px||true|true\u00a0\u00bb custom_padding_tablet=\u00a0\u00bb30px|30px|30px|30px|true|true\u00a0\u00bb custom_padding_phone=\u00a0\u00bb20px|20px|20px|20px|true|true\u00a0\u00bb custom_padding_last_edited=\u00a0\u00bbon|desktop\u00a0\u00bb border_width_all=\u00a0\u00bb1px\u00a0\u00bb border_color_all=\u00a0\u00bbgcid-bcc99e3b-722a-4dba-85e5-49c6d1592562&Prime; global_colors_info=\u00a0\u00bb{%22gcid-bcc99e3b-722a-4dba-85e5-49c6d1592562%22:%91%22border_color_all%22%93}\u00a0\u00bb][et_pb_heading title=\u00a0\u00bb#2&Prime; _builder_version=\u00a0\u00bb4.27.6&Prime; _module_preset=\u00a0\u00bb8d110af2-93ed-42ad-ab13-8204e1bbdaa5&Prime; title_font=\u00a0\u00bbArmata|700|||||||\u00a0\u00bb title_text_align=\u00a0\u00bbcenter\u00a0\u00bb title_font_size=\u00a0\u00bb35px\u00a0\u00bb background_color=\u00a0\u00bb#dcaeb8&Prime; width=\u00a0\u00bb100px\u00a0\u00bb module_alignment=\u00a0\u00bbcenter\u00a0\u00bb min_height=\u00a0\u00bb100px\u00a0\u00bb custom_margin=\u00a0\u00bb-35%||0px||false|false\u00a0\u00bb custom_padding=\u00a0\u00bb8%||||false|false\u00a0\u00bb border_radii=\u00a0\u00bbon|100px|100px|100px|100px\u00a0\u00bb box_shadow_style=\u00a0\u00bbpreset1&Prime; global_colors_info=\u00a0\u00bb{}\u00a0\u00bb][\/et_pb_heading][et_pb_heading title=\u00a0\u00bbKit AKompagnement #2&Prime; _builder_version=\u00a0\u00bb4.27.6&Prime; _module_preset=\u00a0\u00bb8d110af2-93ed-42ad-ab13-8204e1bbdaa5&Prime; title_font=\u00a0\u00bbArmata|700||on|||||\u00a0\u00bb title_text_align=\u00a0\u00bbcenter\u00a0\u00bb custom_margin=\u00a0\u00bb10%||0px||false|false\u00a0\u00bb global_colors_info=\u00a0\u00bb{}\u00a0\u00bb][\/et_pb_heading][et_pb_text _builder_version=\u00a0\u00bb4.27.6&Prime; _module_preset=\u00a0\u00bb32e71627-7ffa-412b-8a47-a31174133bf3&Prime; text_orientation=\u00a0\u00bbcenter\u00a0\u00bb height=\u00a0\u00bb100px\u00a0\u00bb custom_margin=\u00a0\u00bb10%||||false|false\u00a0\u00bb global_colors_info=\u00a0\u00bb{%22gcid-bcc99e3b-722a-4dba-85e5-49c6d1592562%22:%91%22link_text_color%22,%22quote_border_color%22,%22link_text_color%22,%22quote_border_color%22%93,%22gcid-fa3e187d-20a7-4c5a-962d-49a38117a4cc%22:%91%22text_text_color%22%93}\u00a0\u00bb]<\/p>\n<p>comprend <strong>5 services<\/strong> aux choix<br \/>en fonction de vos besoins<\/p>\n<p>[\/et_pb_text][et_pb_button button_text=\u00a0\u00bbVoir le d\u00e9tail\u00a0\u00bb button_alignment=\u00a0\u00bbcenter\u00a0\u00bb _builder_version=\u00a0\u00bb4.27.6&Prime; _module_preset=\u00a0\u00bb70d0db48-1028-433a-b0ac-e11148fe61f0&Prime; button_bg_color=\u00a0\u00bb#FFFFFF\u00a0\u00bb button_border_radius=\u00a0\u00bb0px\u00a0\u00bb button_letter_spacing=\u00a0\u00bb0.2em\u00a0\u00bb custom_margin=\u00a0\u00bb15%||||false|false\u00a0\u00bb custom_padding=\u00a0\u00bb14px|40px|14px|40px|true|true\u00a0\u00bb global_colors_info=\u00a0\u00bb{}\u00a0\u00bb][\/et_pb_button][\/et_pb_column][et_pb_column type=\u00a0\u00bb1_3&Prime; _builder_version=\u00a0\u00bb4.27.6&Prime; _module_preset=\u00a0\u00bbdefault\u00a0\u00bb custom_padding=\u00a0\u00bb40px||40px||true|true\u00a0\u00bb custom_padding_tablet=\u00a0\u00bb30px|30px|30px|30px|true|true\u00a0\u00bb custom_padding_phone=\u00a0\u00bb20px|20px|20px|20px|true|true\u00a0\u00bb custom_padding_last_edited=\u00a0\u00bbon|desktop\u00a0\u00bb border_width_all=\u00a0\u00bb1px\u00a0\u00bb border_color_all=\u00a0\u00bbgcid-bcc99e3b-722a-4dba-85e5-49c6d1592562&Prime; global_colors_info=\u00a0\u00bb{%22gcid-bcc99e3b-722a-4dba-85e5-49c6d1592562%22:%91%22border_color_all%22%93}\u00a0\u00bb][et_pb_heading title=\u00a0\u00bb#3&Prime; _builder_version=\u00a0\u00bb4.27.6&Prime; _module_preset=\u00a0\u00bb8d110af2-93ed-42ad-ab13-8204e1bbdaa5&Prime; title_font=\u00a0\u00bbArmata|700|||||||\u00a0\u00bb title_text_align=\u00a0\u00bbcenter\u00a0\u00bb title_font_size=\u00a0\u00bb35px\u00a0\u00bb background_color=\u00a0\u00bb#dcaeb8&Prime; width=\u00a0\u00bb100px\u00a0\u00bb module_alignment=\u00a0\u00bbcenter\u00a0\u00bb min_height=\u00a0\u00bb100px\u00a0\u00bb custom_margin=\u00a0\u00bb-35%||0px||false|false\u00a0\u00bb custom_padding=\u00a0\u00bb8%||||false|false\u00a0\u00bb border_radii=\u00a0\u00bbon|100px|100px|100px|100px\u00a0\u00bb box_shadow_style=\u00a0\u00bbpreset1&Prime; global_colors_info=\u00a0\u00bb{}\u00a0\u00bb][\/et_pb_heading][et_pb_heading title=\u00a0\u00bbKit AKompagnement #3&Prime; _builder_version=\u00a0\u00bb4.27.6&Prime; _module_preset=\u00a0\u00bb8d110af2-93ed-42ad-ab13-8204e1bbdaa5&Prime; title_font=\u00a0\u00bbArmata|700||on|||||\u00a0\u00bb title_text_align=\u00a0\u00bbcenter\u00a0\u00bb custom_margin=\u00a0\u00bb10%||0px||false|false\u00a0\u00bb global_colors_info=\u00a0\u00bb{}\u00a0\u00bb][\/et_pb_heading][et_pb_text _builder_version=\u00a0\u00bb4.27.6&Prime; _module_preset=\u00a0\u00bb32e71627-7ffa-412b-8a47-a31174133bf3&Prime; text_orientation=\u00a0\u00bbcenter\u00a0\u00bb height=\u00a0\u00bb100px\u00a0\u00bb custom_margin=\u00a0\u00bb10%||||false|false\u00a0\u00bb global_colors_info=\u00a0\u00bb{%22gcid-bcc99e3b-722a-4dba-85e5-49c6d1592562%22:%91%22link_text_color%22,%22quote_border_color%22,%22link_text_color%22,%22quote_border_color%22%93,%22gcid-fa3e187d-20a7-4c5a-962d-49a38117a4cc%22:%91%22text_text_color%22%93}\u00a0\u00bb]<\/p>\n<p>comprend<strong> 7 services<\/strong> aux choix<br \/>en fonction de vos besoins<\/p>\n<p>[\/et_pb_text][et_pb_button button_text=\u00a0\u00bbVoir le d\u00e9tail\u00a0\u00bb button_alignment=\u00a0\u00bbcenter\u00a0\u00bb _builder_version=\u00a0\u00bb4.27.6&Prime; _module_preset=\u00a0\u00bb70d0db48-1028-433a-b0ac-e11148fe61f0&Prime; button_bg_color=\u00a0\u00bb#FFFFFF\u00a0\u00bb button_border_radius=\u00a0\u00bb0px\u00a0\u00bb button_letter_spacing=\u00a0\u00bb0.2em\u00a0\u00bb custom_margin=\u00a0\u00bb15%||||false|false\u00a0\u00bb custom_padding=\u00a0\u00bb14px|40px|14px|40px|true|true\u00a0\u00bb global_colors_info=\u00a0\u00bb{}\u00a0\u00bb][\/et_pb_button][\/et_pb_column][\/et_pb_row][\/et_pb_section][et_pb_section fb_built=\u00a0\u00bb1&Prime; disabled_on=\u00a0\u00bboff|off|off\u00a0\u00bb admin_label=\u00a0\u00bbCall to Action\u00a0\u00bb _builder_version=\u00a0\u00bb4.27.6&Prime; _module_preset=\u00a0\u00bbdefault\u00a0\u00bb background_color=\u00a0\u00bbgcid-8544a4e2-27b8-420a-83de-1cee04f2fb29&Prime; hover_enabled=\u00a0\u00bb0&Prime; collapsed=\u00a0\u00bbon\u00a0\u00bb global_colors_info=\u00a0\u00bb{%22gcid-8544a4e2-27b8-420a-83de-1cee04f2fb29%22:%91%22background_color%22%93}\u00a0\u00bb custom_padding=\u00a0\u00bb100px||100px||true|false\u00a0\u00bb sticky_enabled=\u00a0\u00bb0&Prime;][et_pb_row column_structure=\u00a0\u00bb2_5,3_5&Prime; _builder_version=\u00a0\u00bb4.27.6&Prime; _module_preset=\u00a0\u00bbdefault\u00a0\u00bb hover_enabled=\u00a0\u00bb0&Prime; locked=\u00a0\u00bboff\u00a0\u00bb global_colors_info=\u00a0\u00bb{}\u00a0\u00bb sticky_enabled=\u00a0\u00bb0&Prime;][et_pb_column type=\u00a0\u00bb2_5&Prime; _builder_version=\u00a0\u00bb4.25.1&Prime; _module_preset=\u00a0\u00bbdefault\u00a0\u00bb global_colors_info=\u00a0\u00bb{}\u00a0\u00bb][et_pb_image src=\u00a0\u00bbhttps:\/\/polygraphics-crea.fr\/aktoit\/wp-content\/uploads\/2026\/04\/akompagntoit-valeurs-scaled.jpg\u00a0\u00bb title_text=\u00a0\u00bbakompagntoit-valeurs\u00a0\u00bb _builder_version=\u00a0\u00bb4.27.6&Prime; _module_preset=\u00a0\u00bbdefault\u00a0\u00bb hover_enabled=\u00a0\u00bb0&Prime; global_colors_info=\u00a0\u00bb{}\u00a0\u00bb alt=\u00a0\u00bbvaleurs\u00a0\u00bb sticky_enabled=\u00a0\u00bb0&Prime;][\/et_pb_image][\/et_pb_column][et_pb_column type=\u00a0\u00bb3_5&Prime; _builder_version=\u00a0\u00bb4.25.1&Prime; _module_preset=\u00a0\u00bbdefault\u00a0\u00bb global_colors_info=\u00a0\u00bb{}\u00a0\u00bb][et_pb_heading title=\u00a0\u00bbDES VALEURS, DES ID\u00c9ES NEUVES&#8230;\u00a0\u00bb _builder_version=\u00a0\u00bb4.27.6&Prime; _module_preset=\u00a0\u00bb411b2014-0a3c-4449-8ec1-662f484baa88&Prime; title_font=\u00a0\u00bbArmata|700||on|||||\u00a0\u00bb title_text_align=\u00a0\u00bbleft\u00a0\u00bb title_font_size=\u00a0\u00bb34px\u00a0\u00bb custom_margin=\u00a0\u00bb2%||20px||false|false\u00a0\u00bb hover_enabled=\u00a0\u00bb0&Prime; global_colors_info=\u00a0\u00bb{}\u00a0\u00bb sticky_enabled=\u00a0\u00bb0&Prime;][\/et_pb_heading][et_pb_text _builder_version=\u00a0\u00bb4.27.6&Prime; _module_preset=\u00a0\u00bb2f94b8ce-a32e-46aa-bfe8-31c6d6dfd4b9&Prime; hover_enabled=\u00a0\u00bb0&Prime; global_colors_info=\u00a0\u00bb{}\u00a0\u00bb sticky_enabled=\u00a0\u00bb0&Prime;]<\/p>\n<p><strong>Akompagn\u2019Toit est fond\u00e9e sur un socle de valeurs fortes, qui guident nos accompagnements et notre collaboration en interne.<\/strong><\/p>\n<p>[\/et_pb_text][et_pb_accordion _builder_version=\u00a0\u00bb4.27.6&Prime; _module_preset=\u00a0\u00bbdefault\u00a0\u00bb hover_enabled=\u00a0\u00bb0&Prime; sticky_enabled=\u00a0\u00bb0&Prime; toggle_font=\u00a0\u00bb|700|||||||\u00a0\u00bb closed_toggle_background_color=\u00a0\u00bb#cccccc\u00a0\u00bb open_toggle_background_color=\u00a0\u00bb#cccccc\u00a0\u00bb toggle_icon=\u00a0\u00bb&#x3b;||divi||400&Prime; icon_color=\u00a0\u00bb#5c5c5c\u00a0\u00bb][et_pb_accordion_item title=\u00a0\u00bb\u00c9coute et disponibilit\u00e9\u00a0\u00bb _builder_version=\u00a0\u00bb4.27.6&Prime; _module_preset=\u00a0\u00bbdefault\u00a0\u00bb open=\u00a0\u00bbon\u00a0\u00bb toggle_font=\u00a0\u00bb|700|||||||\u00a0\u00bb hover_enabled=\u00a0\u00bb0&Prime; sticky_enabled=\u00a0\u00bb0&Prime;]<\/p>\n<p>car nous savons par exp\u00e9rience qu\u2019un acte de vente n\u2019est jamais anodin. La charge \u00e9motionnelle est forte. Les enjeux de la vente peuvent \u00eatre source de stress et parfois, v\u00e9ritablement douloureux lorsqu\u2019elle fait suite \u00e0 une<br \/>s\u00e9paration, une maladie, un licenciement ou un deuil. Cette dimension \u00e9motionnelle est rarement prise en compte, or, elle peut constituer un frein puissant au processus de vente. Par notre sens de l\u2019\u00e9coute et de la disponibilit\u00e9, associ\u00e9 \u00e0 des techniques issues du d\u00e9veloppement personnel, nous vous<br \/>aidons \u00e0 d\u00e9passer vos craintes, vos angoisses et vos blocages.<\/p>\n<p>[\/et_pb_accordion_item][et_pb_accordion_item title=\u00a0\u00bb\u00c9thique et \u00e9cologie humaine\u00a0\u00bb _builder_version=\u00a0\u00bb4.27.6&Prime; _module_preset=\u00a0\u00bbdefault\u00a0\u00bb open=\u00a0\u00bboff\u00a0\u00bb hover_enabled=\u00a0\u00bb0&Prime; sticky_enabled=\u00a0\u00bb0&Prime;]<\/p>\n<p>Nous souhaitons avant tout redonner du sens \u00e0 l\u2019acte de vente, raconter une histoire, VOTRE histoire, tout en int\u00e9grant une dimension humaine et \u00e9motionnelle au processus. Nous parlons \u00ab d\u2019\u00e9cologie \u00bb humaine car nous respectons vos valeurs, vos croyances, votre rythme et votre propre savoir<br \/>faire.<\/p>\n<p>[\/et_pb_accordion_item][et_pb_accordion_item title=\u00a0\u00bbExcellence\u00a0\u00bb _builder_version=\u00a0\u00bb4.27.6&Prime; _module_preset=\u00a0\u00bbdefault\u00a0\u00bb hover_enabled=\u00a0\u00bb0&Prime; sticky_enabled=\u00a0\u00bb0&Prime;]<\/p>\n<p>Chez AKompagn\u2019Toit, l\u2019excellence est un engagement quotidien.<br \/>Nous accordons une tr\u00e8s grande importance \u00e0 la qualit\u00e9 de chaque accompagnement et des prestations d\u00e9livr\u00e9es. Cela passe par une mont\u00e9e en comp\u00e9tences permanente, l\u2019utilisation d\u2019outils digitaux performants et nous affinons sans cesse nos m\u00e9thodes.<br \/>Mais notre v\u00e9ritable force r\u00e9side dans l\u2019intelligence collective.<br \/>Chaque dossier b\u00e9n\u00e9ficie du regard crois\u00e9 et des comp\u00e9tences compl\u00e9mentaires de nos Akompagnatrices.<br \/>Nous croyons profond\u00e9ment que l\u2019excellence na\u00eet de cette exigence partag\u00e9e : donner le meilleur de chacune, au service de chaque client.<\/p>\n<p>[\/et_pb_accordion_item][et_pb_accordion_item title=\u00a0\u00bbEngagement\u00a0\u00bb _builder_version=\u00a0\u00bb4.27.6&Prime; _module_preset=\u00a0\u00bbdefault\u00a0\u00bb hover_enabled=\u00a0\u00bb0&Prime; sticky_enabled=\u00a0\u00bb0&Prime;]<\/p>\n<p><strong>Envers notre mission<\/strong> : r\u00e9pondre aux nouveaux besoins des propri\u00e9taires de r\u00e9ussir leur vente entre particuliers.<br \/><strong>Envers nos clients<\/strong> : les accompagner sur les plans technique, juridique, financier, mais aussi \u00e9motionnel.<br \/><strong>Envers chacune d\u2019entre nous<\/strong>\u00a0: nous croyons en la force du collectif et la puissance cr\u00e9atrice du f\u00e9minin sacr\u00e9.<\/p>\n<p>[\/et_pb_accordion_item][\/et_pb_accordion][\/et_pb_column][\/et_pb_row][\/et_pb_section][et_pb_section fb_built=\u00a0\u00bb1&Prime; disabled_on=\u00a0\u00bboff|off|off\u00a0\u00bb admin_label=\u00a0\u00bbCall to Action\u00a0\u00bb _builder_version=\u00a0\u00bb4.27.6&Prime; _module_preset=\u00a0\u00bbdefault\u00a0\u00bb background_color=\u00a0\u00bbgcid-8544a4e2-27b8-420a-83de-1cee04f2fb29&Prime; hover_enabled=\u00a0\u00bb0&Prime; collapsed=\u00a0\u00bbon\u00a0\u00bb global_colors_info=\u00a0\u00bb{%22gcid-8544a4e2-27b8-420a-83de-1cee04f2fb29%22:%91%22background_color%22%93}\u00a0\u00bb custom_padding=\u00a0\u00bb100px||100px||true|false\u00a0\u00bb sticky_enabled=\u00a0\u00bb0&Prime;][et_pb_row column_structure=\u00a0\u00bb3_5,2_5&Prime; _builder_version=\u00a0\u00bb4.27.6&Prime; _module_preset=\u00a0\u00bbdefault\u00a0\u00bb hover_enabled=\u00a0\u00bb0&Prime; locked=\u00a0\u00bboff\u00a0\u00bb global_colors_info=\u00a0\u00bb{}\u00a0\u00bb sticky_enabled=\u00a0\u00bb0&Prime;][et_pb_column type=\u00a0\u00bb3_5&Prime; _builder_version=\u00a0\u00bb4.25.1&Prime; _module_preset=\u00a0\u00bbdefault\u00a0\u00bb global_colors_info=\u00a0\u00bb{}\u00a0\u00bb][et_pb_heading title=\u00a0\u00bbRencontre avec Maylis, fondatrice d&rsquo;Akompagn&rsquo;toit\u00a0\u00bb _builder_version=\u00a0\u00bb4.27.6&Prime; _module_preset=\u00a0\u00bb411b2014-0a3c-4449-8ec1-662f484baa88&Prime; title_font=\u00a0\u00bbArmata|700||on|||||\u00a0\u00bb title_text_align=\u00a0\u00bbleft\u00a0\u00bb title_font_size=\u00a0\u00bb34px\u00a0\u00bb custom_margin=\u00a0\u00bb2%||20px||false|false\u00a0\u00bb hover_enabled=\u00a0\u00bb0&Prime; global_colors_info=\u00a0\u00bb{}\u00a0\u00bb sticky_enabled=\u00a0\u00bb0&Prime;][\/et_pb_heading][et_pb_text _builder_version=\u00a0\u00bb4.27.6&Prime; _module_preset=\u00a0\u00bb2f94b8ce-a32e-46aa-bfe8-31c6d6dfd4b9&Prime; hover_enabled=\u00a0\u00bb0&Prime; global_colors_info=\u00a0\u00bb{}\u00a0\u00bb sticky_enabled=\u00a0\u00bb0&Prime;]<\/p>\n<p data-path-to-node=\"5,1\">Forte d\u2019une exp\u00e9rience riche en relations humaines, Maylis a fond\u00e9 cette structure apr\u00e8s avoir constat\u00e9 le besoin de s\u00e9r\u00e9nit\u00e9 et d&rsquo;\u00e9coute lors de ces transitions souvent v\u00e9cues comme un bouleversement. Pour elle, le logement n&rsquo;est pas qu&rsquo;une question technique, c&rsquo;est le socle du bien-\u00eatre.<\/p>\n<p data-path-to-node=\"5,2\">Aujourd\u2019hui, elle met son expertise au service de ceux qui souhaitent d\u00e9l\u00e9guer la complexit\u00e9 \u2014 administrative, logistique ou immobili\u00e8re \u2014 pour ne garder que l\u2019essentiel : le plaisir de s\u2019installer dans un nouveau chez-soi adapt\u00e9. Sa m\u00e9thode ? Un m\u00e9lange de rigueur professionnelle et de bienveillance naturelle, pour faire de chaque d\u00e9m\u00e9nagement une \u00e9tape fluide et apais\u00e9e.<\/p>\n<p>[\/et_pb_text][et_pb_button button_text=\u00a0\u00bbD\u00e9couvrez son interview\u00a0\u00bb _builder_version=\u00a0\u00bb4.27.6&Prime; _module_preset=\u00a0\u00bb4c7afd4e-2070-47ce-97d7-8a12effbe33c\u00a0\u00bb custom_margin=\u00a0\u00bb30px||||false|false\u00a0\u00bb hover_enabled=\u00a0\u00bb0&Prime; global_colors_info=\u00a0\u00bb{}\u00a0\u00bb button_border_radius=\u00a0\u00bb0px\u00a0\u00bb sticky_enabled=\u00a0\u00bb0&Prime; button_url=\u00a0\u00bbhttps:\/\/polygraphics-crea.fr\/aktoit\/accueil\/interview-fondatrice\/\u00a0\u00bb][\/et_pb_button][\/et_pb_column][et_pb_column type=\u00a0\u00bb2_5&Prime; _builder_version=\u00a0\u00bb4.25.1&Prime; _module_preset=\u00a0\u00bbdefault\u00a0\u00bb global_colors_info=\u00a0\u00bb{}\u00a0\u00bb][et_pb_divider show_divider=\u00a0\u00bboff\u00a0\u00bb _builder_version=\u00a0\u00bb4.25.1&Prime; _module_preset=\u00a0\u00bbdefault\u00a0\u00bb background_color=\u00a0\u00bbgcid-bcc99e3b-722a-4dba-85e5-49c6d1592562&Prime; positioning=\u00a0\u00bbabsolute\u00a0\u00bb width=\u00a0\u00bb90px\u00a0\u00bb width_tablet=\u00a0\u00bb90px\u00a0\u00bb width_phone=\u00a0\u00bb60px\u00a0\u00bb width_last_edited=\u00a0\u00bbon|desktop\u00a0\u00bb height=\u00a0\u00bb90px\u00a0\u00bb height_tablet=\u00a0\u00bb90px\u00a0\u00bb height_phone=\u00a0\u00bb60px\u00a0\u00bb height_last_edited=\u00a0\u00bbon|desktop\u00a0\u00bb border_radii=\u00a0\u00bbon|500px|500px|500px|500px\u00a0\u00bb global_colors_info=\u00a0\u00bb{%22gcid-bcc99e3b-722a-4dba-85e5-49c6d1592562%22:%91%22background_color%22,%22background_color%22,%22background_color%22%93}\u00a0\u00bb][\/et_pb_divider][et_pb_image src=\u00a0\u00bbhttps:\/\/polygraphics-crea.fr\/aktoit\/wp-content\/uploads\/2026\/04\/Maylis-Kesteloot-Miaille-nb.jpg\u00a0\u00bb title_text=\u00a0\u00bbMaylis-Kesteloot-Miaille-nb\u00a0\u00bb _builder_version=\u00a0\u00bb4.27.6&Prime; _module_preset=\u00a0\u00bbdefault\u00a0\u00bb hover_enabled=\u00a0\u00bb0&Prime; border_radii=\u00a0\u00bbon|500px|500px|500px|500px\u00a0\u00bb global_colors_info=\u00a0\u00bb{}\u00a0\u00bb sticky_enabled=\u00a0\u00bb0&Prime;][\/et_pb_image][\/et_pb_column][\/et_pb_row][\/et_pb_section]<\/p>\n","protected":false},"excerpt":{"rendered":"<p>comprend 3 services :\u2022 avis de valeur\u2022 les photos\u2022 la r\u00e9daction de l\u2019annoncecomprend 5 services aux choixen fonction de vos besoinscomprend 7 services aux choixen fonction de vos besoinsAkompagn\u2019Toit est fond\u00e9e sur un socle de valeurs fortes, qui guident nos accompagnements et notre collaboration en interne.car nous savons par exp\u00e9rience qu\u2019un acte de vente n\u2019est [&hellip;]<\/p>\n","protected":false},"author":1,"featured_media":0,"parent":0,"menu_order":0,"comment_status":"closed","ping_status":"closed","template":"","meta":{"_et_pb_use_builder":"on","_et_pb_old_content":"","_et_gb_content_width":"","footnotes":""},"class_list":["post-33","page","type-page","status-publish","hentry"],"_links":{"self":[{"href":"https:\/\/polygraphics-crea.fr\/aktoit\/wp-json\/wp\/v2\/pages\/33","targetHints":{"allow":["GET"]}}],"collection":[{"href":"https:\/\/polygraphics-crea.fr\/aktoit\/wp-json\/wp\/v2\/pages"}],"about":[{"href":"https:\/\/polygraphics-crea.fr\/aktoit\/wp-json\/wp\/v2\/types\/page"}],"author":[{"embeddable":true,"href":"https:\/\/polygraphics-crea.fr\/aktoit\/wp-json\/wp\/v2\/users\/1"}],"replies":[{"embeddable":true,"href":"https:\/\/polygraphics-crea.fr\/aktoit\/wp-json\/wp\/v2\/comments?post=33"}],"version-history":[{"count":22,"href":"https:\/\/polygraphics-crea.fr\/aktoit\/wp-json\/wp\/v2\/pages\/33\/revisions"}],"predecessor-version":[{"id":286,"href":"https:\/\/polygraphics-crea.fr\/aktoit\/wp-json\/wp\/v2\/pages\/33\/revisions\/286"}],"wp:attachment":[{"href":"https:\/\/polygraphics-crea.fr\/aktoit\/wp-json\/wp\/v2\/media?parent=33"}],"curies":[{"name":"wp","href":"https:\/\/api.w.org\/{rel}","templated":true}]}}