{"id":264,"date":"2026-04-14T11:39:11","date_gmt":"2026-04-14T09:39:11","guid":{"rendered":"https:\/\/polygraphics-crea.fr\/aktoit\/?page_id=264"},"modified":"2026-04-14T11:41:48","modified_gmt":"2026-04-14T09:41:48","slug":"interview-fondatrice","status":"publish","type":"page","link":"https:\/\/polygraphics-crea.fr\/aktoit\/accueil\/interview-fondatrice\/","title":{"rendered":"interview fondatrice"},"content":{"rendered":"<p>[et_pb_section fb_built=\u00a0\u00bb1&Prime; fullwidth=\u00a0\u00bbon\u00a0\u00bb _builder_version=\u00a0\u00bb4.27.6&Prime; _module_preset=\u00a0\u00bbdefault\u00a0\u00bb global_colors_info=\u00a0\u00bb{}\u00a0\u00bb theme_builder_area=\u00a0\u00bbpost_content\u00a0\u00bb][et_pb_fullwidth_image src=\u00a0\u00bbhttps:\/\/polygraphics-crea.fr\/aktoit\/wp-content\/uploads\/2026\/04\/akompagntoit_interview-scaled.jpg\u00a0\u00bb alt=\u00a0\u00bbinterview akompagntoit\u00a0\u00bb title_text=\u00a0\u00bbakompagntoit_interview\u00a0\u00bb _builder_version=\u00a0\u00bb4.27.6&Prime; _module_preset=\u00a0\u00bbdefault\u00a0\u00bb hover_enabled=\u00a0\u00bb0&Prime; global_colors_info=\u00a0\u00bb{}\u00a0\u00bb theme_builder_area=\u00a0\u00bbpost_content\u00a0\u00bb sticky_enabled=\u00a0\u00bb0&Prime;][\/et_pb_fullwidth_image][\/et_pb_section][et_pb_section fb_built=\u00a0\u00bb1&Prime; admin_label=\u00a0\u00bbServices\u00a0\u00bb _builder_version=\u00a0\u00bb4.27.6&Prime; _module_preset=\u00a0\u00bbdefault\u00a0\u00bb background_color=\u00a0\u00bb#cccccc\u00a0\u00bb custom_padding=\u00a0\u00bb0px||0px||true|false\u00a0\u00bb collapsed=\u00a0\u00bbon\u00a0\u00bb global_colors_info=\u00a0\u00bb{}\u00a0\u00bb theme_builder_area=\u00a0\u00bbpost_content\u00a0\u00bb][et_pb_row _builder_version=\u00a0\u00bb4.25.1&Prime; _module_preset=\u00a0\u00bbdefault\u00a0\u00bb global_colors_info=\u00a0\u00bb{}\u00a0\u00bb theme_builder_area=\u00a0\u00bbpost_content\u00a0\u00bb][et_pb_column type=\u00a0\u00bb4_4&Prime; _builder_version=\u00a0\u00bb4.25.1&Prime; _module_preset=\u00a0\u00bbdefault\u00a0\u00bb global_colors_info=\u00a0\u00bb{}\u00a0\u00bb theme_builder_area=\u00a0\u00bbpost_content\u00a0\u00bb][et_pb_heading title=\u00a0\u00bbLE COACHING IMMOBILIER : UN CONCEPT GAGNANT \/ GAGNANT\u00a0\u00bb _builder_version=\u00a0\u00bb4.27.6&Prime; _module_preset=\u00a0\u00bb411b2014-0a3c-4449-8ec1-662f484baa88&Prime; title_font=\u00a0\u00bbArmata|700||on|||||\u00a0\u00bb title_text_align=\u00a0\u00bbcenter\u00a0\u00bb title_text_color=\u00a0\u00bb#5c5c5c\u00a0\u00bb title_font_size=\u00a0\u00bb34px\u00a0\u00bb custom_margin=\u00a0\u00bb2%||20px||false|false\u00a0\u00bb hover_enabled=\u00a0\u00bb0&Prime; global_colors_info=\u00a0\u00bb{}\u00a0\u00bb theme_builder_area=\u00a0\u00bbpost_content\u00a0\u00bb sticky_enabled=\u00a0\u00bb0&Prime;][\/et_pb_heading][\/et_pb_column][\/et_pb_row][\/et_pb_section][et_pb_section fb_built=\u00a0\u00bb1&Prime; disabled_on=\u00a0\u00bboff|off|off\u00a0\u00bb admin_label=\u00a0\u00bbHeader\u00a0\u00bb _builder_version=\u00a0\u00bb4.25.1&Prime; _module_preset=\u00a0\u00bbdefault\u00a0\u00bb background_color=\u00a0\u00bbgcid-8544a4e2-27b8-420a-83de-1cee04f2fb29&Prime; collapsed=\u00a0\u00bbon\u00a0\u00bb global_colors_info=\u00a0\u00bb{%22gcid-8544a4e2-27b8-420a-83de-1cee04f2fb29%22:%91%22background_color%22%93}\u00a0\u00bb theme_builder_area=\u00a0\u00bbpost_content\u00a0\u00bb][et_pb_row _builder_version=\u00a0\u00bb4.27.6&Prime; _module_preset=\u00a0\u00bbdefault\u00a0\u00bb hover_enabled=\u00a0\u00bb0&Prime; global_colors_info=\u00a0\u00bb{}\u00a0\u00bb theme_builder_area=\u00a0\u00bbpost_content\u00a0\u00bb sticky_enabled=\u00a0\u00bb0&Prime;][et_pb_column type=\u00a0\u00bb4_4&Prime; _builder_version=\u00a0\u00bb4.27.6&Prime; _module_preset=\u00a0\u00bbdefault\u00a0\u00bb global_colors_info=\u00a0\u00bb{}\u00a0\u00bb theme_builder_area=\u00a0\u00bbpost_content\u00a0\u00bb][et_pb_text _builder_version=\u00a0\u00bb4.27.6&Prime; _module_preset=\u00a0\u00bbdefault\u00a0\u00bb header_3_font=\u00a0\u00bb|600||on|||||\u00a0\u00bb header_4_font=\u00a0\u00bb|600||on|||||\u00a0\u00bb hover_enabled=\u00a0\u00bb0&Prime; global_colors_info=\u00a0\u00bb{}\u00a0\u00bb theme_builder_area=\u00a0\u00bbpost_content\u00a0\u00bb sticky_enabled=\u00a0\u00bb0&Prime;]<\/p>\n<div class=\"wpb_text_column wpb_content_element \">\n<div class=\"wpb_wrapper\">\n<div class=\"wpb_text_column wpb_content_element \">\n<div class=\"wpb_wrapper\">\n<p class=\"text-black-oblique\"><strong><em>Comment avez-vous eu l\u2019id\u00e9e de cr\u00e9er Akompagn\u2019toit ?<\/em><\/strong><\/p>\n<p>Maylis Kesteloot Miaille : J\u2019ai d\u00e9couvert l\u2019immobilier \u00e0 l\u2019\u00e2ge de 23 ans, en achetant mon premier appartement sans aucun apport financier. Je l\u2019ai r\u00e9nov\u00e9 puis revendu avec une belle plus-value, et j\u2019ai r\u00e9p\u00e9t\u00e9 cette op\u00e9ration immobili\u00e8re 5 fois, ce qui m\u2019a form\u00e9e au home-staging, aux mises en sc\u00e8ne et \u00e0 la n\u00e9gociation immobili\u00e8re. Forte de ces exp\u00e9riences, j\u2019ai travaill\u00e9 pendant 12 ans au sein d\u2019un r\u00e9seau immobilier r\u00e9gional puis dans une agence immobili\u00e8re de quartier, avec une r\u00e9elle expertise dans la r\u00e9daction et le suivi juridique des compromis de vente. Aujourd\u2019hui, je souhaite faire b\u00e9n\u00e9ficier de mon savoir-faire et de ma connaissance du march\u00e9 immobilier au plus grand nombre, en accompagnant les particuliers dans le<span>\u00a0<\/span><a class=\"\" href=\"https:\/\/www.akompagntoit.fr\/nos-prestations\/\" target=\"\">processus de vente<\/a>.<\/p>\n<p>&nbsp;<\/p>\n<p class=\"text-black-oblique\"><em><strong>En quoi Akompagn\u2019Toit est-elle diff\u00e9rente d\u2019une agence immobili\u00e8re ?<\/strong><\/em><\/p>\n<p>MKM : En tant que coach immobilier, Akompagn\u2019Toit ne veille qu\u2019\u00e0 un seul int\u00e9r\u00eat celui du vendeur. Nous l\u2019accompagnons pour faire de sa vente de PAP sa propre exclusivit\u00e9. Le particulier reste donc ma\u00eetre des n\u00e9gociations avec le futur acqu\u00e9reur. Par ailleurs, nos tarifs sont fix\u00e9s selon la prestation choisie et pas en fonction du prix de vente. Tout est transparent. Enfin, contrairement aux agents immobiliers, l\u2019\u00e9quipe Akompagn\u2019Toit est form\u00e9e \u00e0 prendre en compte la dimension \u00e9motionnelle d\u2019une vente immobili\u00e8re lorsque celle-ci est douloureuse.<\/p>\n<p>&nbsp;<\/p>\n<p class=\"text-black-oblique\"><em><strong>Quels sont les atouts pour le vendeur particulier ?<\/strong><\/em><\/p>\n<p>MKM : Akompagn\u2019Toit aide les vendeurs \u00e0 \u00ab vendre vite, bien et au meilleur prix \u00bb. Gr\u00e2ce \u00e0 nos conseils personnalis\u00e9s et \u00e0 notre accompagnement sur-mesure, ils sont compl\u00e8tement autonomes et restent ma\u00eetres de leur vente tout en \u00e9tant plus visibles et cr\u00e9dibles vis-\u00e0-vis de leurs acqu\u00e9reurs. Nous leur transmettons toutes les cl\u00e9s pour s\u00e9curiser la transaction sur le plan juridique ou financier. Nous les accompagnons \u00e9galement dans la mise en valeur de leur bien immobilier, afin que les futurs acqu\u00e9reurs puissent facilement se projeter. Sans commission, le bien est mieux plac\u00e9 sur le march\u00e9 et donc plus attractif. Notre expertise nous permet de trouver des solutions \u00e0 chaque probl\u00e9matique de vente.<\/p>\n<p>&nbsp;<\/p>\n<p class=\"text-black-oblique\"><em><strong>Pourquoi un r\u00e9seau de femmes entrepreneures ?<\/strong><\/em><\/p>\n<p>MKM : Nous souhaitons avant tout soutenir l\u2019entrepreneuriat au f\u00e9minin, en cr\u00e9ant une communaut\u00e9 de femmes actives qui travaillent en toute ind\u00e9pendance et toute flexibilit\u00e9. Notre \u00e9quipe est compos\u00e9e de femmes dynamiques, motiv\u00e9es et exp\u00e9riment\u00e9es, souhaitant s\u2019accomplir tant sur le plan personnel que professionnel. C\u2019est une r\u00e9elle aventure humaine et entrepreneuriale !<\/p>\n<p>&nbsp;<\/p>\n<p class=\"text-black-oblique\"><em><strong>Pourquoi la FNDCI ?<\/strong><\/em><\/p>\n<p>MKM: Le coaching immobilier est en train de conna\u00eetre un engouement croissant, tant du c\u00f4t\u00e9 des professionnels que des particuliers souhaitant vendre de PAP. Toutefois le terme de coach immobilier \u00e9tant utilis\u00e9 souvent \u00e0 mauvais escient il \u00e9tait urgent de donner un cadre strict \u00e0 ce m\u00e9tier \u00e9mergent afin de s\u00e9curiser nos clients :<span>\u00a0<\/span><a class=\"\" href=\"https:\/\/federation-des-coachs-immobiliers.fr\/\" target=\"_blank\" rel=\"noopener\">https:\/\/federation-des-coachs-immobiliers.fr\/<\/a><\/p>\n<p>&nbsp;<\/p>\n<p class=\"text-black-oblique\"><em><strong>Pourquoi l\u2019AKCI (l\u2019AKad\u00e9mie du Coach Immobilier) ?<\/strong><\/em><\/p>\n<p>MKM: Ma volont\u00e9 d\u2019oeuvrer \u00e0 la reconnaissance du m\u00e9tier de Coach Immobilier et mon expertise m\u2019ont conduite \u00e0 cr\u00e9er ce centre de formation pour les futurs confr\u00e8res.<span>\u00a0<\/span><a class=\"\" href=\"https:\/\/www.akci.fr\/\" target=\"_blank\" rel=\"noopener\">https:\/\/www.akci.fr<\/a><\/p>\n<\/div>\n<\/div>\n<div class=\"wpb_text_column wpb_content_element  vc_custom_1544196252389\">\n<div class=\"wpb_wrapper\">\n<div class=\"wpcf7 js\" id=\"wpcf7-f335-p120-o1\" lang=\"fr-FR\" dir=\"ltr\" data-wpcf7-id=\"335\">\n<form action=\"https:\/\/www.akompagntoit.fr\/devenez-akompagnatrice\/#wpcf7-f335-p120-o1\" method=\"post\" class=\"wpcf7-form init\" aria-label=\"Formulaire de contact\" novalidate=\"novalidate\" data-status=\"init\"><\/form>\n<\/div>\n<\/div>\n<\/div>\n<\/div>\n<\/div>\n<p>[\/et_pb_text][\/et_pb_column][\/et_pb_row][\/et_pb_section]<\/p>\n","protected":false},"excerpt":{"rendered":"<p>Comment avez-vous eu l\u2019id\u00e9e de cr\u00e9er Akompagn\u2019toit ? Maylis Kesteloot Miaille : J\u2019ai d\u00e9couvert l\u2019immobilier \u00e0 l\u2019\u00e2ge de 23 ans, en achetant mon premier appartement sans aucun apport financier. Je l\u2019ai r\u00e9nov\u00e9 puis revendu avec une belle plus-value, et j\u2019ai r\u00e9p\u00e9t\u00e9 cette op\u00e9ration immobili\u00e8re 5 fois, ce qui m\u2019a form\u00e9e au home-staging, aux mises en [&hellip;]<\/p>\n","protected":false},"author":1,"featured_media":0,"parent":33,"menu_order":0,"comment_status":"closed","ping_status":"closed","template":"","meta":{"_et_pb_use_builder":"on","_et_pb_old_content":"","_et_gb_content_width":"","footnotes":""},"class_list":["post-264","page","type-page","status-publish","hentry"],"_links":{"self":[{"href":"https:\/\/polygraphics-crea.fr\/aktoit\/wp-json\/wp\/v2\/pages\/264","targetHints":{"allow":["GET"]}}],"collection":[{"href":"https:\/\/polygraphics-crea.fr\/aktoit\/wp-json\/wp\/v2\/pages"}],"about":[{"href":"https:\/\/polygraphics-crea.fr\/aktoit\/wp-json\/wp\/v2\/types\/page"}],"author":[{"embeddable":true,"href":"https:\/\/polygraphics-crea.fr\/aktoit\/wp-json\/wp\/v2\/users\/1"}],"replies":[{"embeddable":true,"href":"https:\/\/polygraphics-crea.fr\/aktoit\/wp-json\/wp\/v2\/comments?post=264"}],"version-history":[{"count":4,"href":"https:\/\/polygraphics-crea.fr\/aktoit\/wp-json\/wp\/v2\/pages\/264\/revisions"}],"predecessor-version":[{"id":271,"href":"https:\/\/polygraphics-crea.fr\/aktoit\/wp-json\/wp\/v2\/pages\/264\/revisions\/271"}],"up":[{"embeddable":true,"href":"https:\/\/polygraphics-crea.fr\/aktoit\/wp-json\/wp\/v2\/pages\/33"}],"wp:attachment":[{"href":"https:\/\/polygraphics-crea.fr\/aktoit\/wp-json\/wp\/v2\/media?parent=264"}],"curies":[{"name":"wp","href":"https:\/\/api.w.org\/{rel}","templated":true}]}}